{"id":2451,"date":"2024-06-21T07:42:47","date_gmt":"2024-06-21T10:42:47","guid":{"rendered":"https:\/\/lojacampossalles2654.com.br\/?page_id=2451"},"modified":"2024-07-04T13:16:32","modified_gmt":"2024-07-04T16:16:32","slug":"2023-2025","status":"publish","type":"page","link":"https:\/\/lojacampossalles2654.com.br\/index.php\/2023-2025\/","title":{"rendered":"2023-2025"},"content":{"rendered":"<p>Elcio Borges Ribeiro &#8211; Vener\u00e1vel Mestre<\/p>\n<p>Dagoberto Silv\u00e9rio da Silva &#8211; 1o. Vigilante<\/p>\n<p>Jairo Bevilacqua &#8211; 2o. Vigilante<\/p>\n<p>Calebe Valen\u00e7a Ferreira da Silva &#8211; Secret\u00e1rio<\/p>\n<p>Marco Antonio M\u00f4nica &#8211; Tesoureiro<\/p>\n<p>Jos\u00e9 Adalberto Cardoso &#8211; Chanceler<\/p>\n<p>Valmi Andrade Pires &#8211; Orador<\/p>\n<p>Walter Santo Zago J\u00fanior &#8211; Deputado Fedral<\/p>\n<p>Paulo S\u00e9rgio Granato &#8211; Deputado Estadual<\/p>\n","protected":false},"excerpt":{"rendered":"<p>Elcio Borges Ribeiro &#8211; Vener\u00e1vel Mestre Dagoberto Silv\u00e9rio da Silva &#8211; 1o. Vigilante Jairo Bevilacqua &#8211; 2o. Vigilante Calebe Valen\u00e7a Ferreira da Silva &#8211; Secret\u00e1rio Marco Antonio M\u00f4nica &#8211; Tesoureiro [&hellip;]<\/p>\n","protected":false},"author":1,"featured_media":0,"parent":0,"menu_order":0,"comment_status":"closed","ping_status":"closed","template":"","meta":{"_price":"","_stock":"","_tribe_ticket_header":"","_tribe_default_ticket_provider":"","_tribe_ticket_capacity":"0","_ticket_start_date":"","_ticket_end_date":"","_tribe_ticket_show_description":"","_tribe_ticket_show_not_going":false,"_tribe_ticket_use_global_stock":"","_tribe_ticket_global_stock_level":"","_global_stock_mode":"","_global_stock_cap":"","_tribe_rsvp_for_event":"","_tribe_ticket_going_count":"","_tribe_ticket_not_going_count":"","_tribe_tickets_list":"[]","_tribe_ticket_has_attendee_info_fields":false,"footnotes":"","_tec_slr_enabled":"","_tec_slr_layout":""},"class_list":["post-2451","page","type-page","status-publish","hentry"],"ticketed":false,"_links":{"self":[{"href":"https:\/\/lojacampossalles2654.com.br\/index.php\/wp-json\/wp\/v2\/pages\/2451","targetHints":{"allow":["GET"]}}],"collection":[{"href":"https:\/\/lojacampossalles2654.com.br\/index.php\/wp-json\/wp\/v2\/pages"}],"about":[{"href":"https:\/\/lojacampossalles2654.com.br\/index.php\/wp-json\/wp\/v2\/types\/page"}],"author":[{"embeddable":true,"href":"https:\/\/lojacampossalles2654.com.br\/index.php\/wp-json\/wp\/v2\/users\/1"}],"replies":[{"embeddable":true,"href":"https:\/\/lojacampossalles2654.com.br\/index.php\/wp-json\/wp\/v2\/comments?post=2451"}],"version-history":[{"count":5,"href":"https:\/\/lojacampossalles2654.com.br\/index.php\/wp-json\/wp\/v2\/pages\/2451\/revisions"}],"predecessor-version":[{"id":2509,"href":"https:\/\/lojacampossalles2654.com.br\/index.php\/wp-json\/wp\/v2\/pages\/2451\/revisions\/2509"}],"wp:attachment":[{"href":"https:\/\/lojacampossalles2654.com.br\/index.php\/wp-json\/wp\/v2\/media?parent=2451"}],"curies":[{"name":"wp","href":"https:\/\/api.w.org\/{rel}","templated":true}]}}