{"id":2361,"date":"2010-04-22T08:33:32","date_gmt":"2010-04-22T11:33:32","guid":{"rendered":"https:\/\/lojacampossalles2654.com.br\/?page_id=2361"},"modified":"2024-04-10T08:52:24","modified_gmt":"2024-04-10T11:52:24","slug":"estandarte","status":"publish","type":"page","link":"https:\/\/lojacampossalles2654.com.br\/index.php\/estandarte\/","title":{"rendered":"Estandarte"},"content":{"rendered":"<p><strong>MEMORIAL DESCRITIVO DO ESTANDARTE DA LOJA MA\u00c7\u00d4NICA CAMPOS SALLES N\u00ba 2654<\/strong><\/p>\n<p style=\"text-align: justify;\"><img loading=\"lazy\" decoding=\"async\" class=\"blazy size-full wp-image-2366 alignleft\" src=\"https:\/\/lojacampossalles2654.com.br\/wp-content\/themes\/newsmag-pro\/assets\/images\/picture_placeholder_list.jpg\" data-src=\"https:\/\/lojacampossalles2654.com.br\/wp-content\/uploads\/2024\/04\/estandarte.jpg\" alt=\"\" width=\"225\" height=\"300\" \/><noscript><img loading=\"lazy\" decoding=\"async\" class=\"size-full wp-image-2366 alignleft\" src=\"https:\/\/lojacampossalles2654.com.br\/wp-content\/uploads\/2024\/04\/estandarte.jpg\" alt=\"\" width=\"225\" height=\"300\" \/><\/noscript>O estandarte da Loja Ma\u00e7\u00f4nica Campos Salles n\u00ba 2654, do Oriente de Campinas, Estado de S\u00e3o Paulo, que \u00e9 filiada ao Grande Oriente do Brasil e jurisdicionada ao Grande Oriente do Brasil de S\u00e3o Paulo, e que segue o Rito Escoc\u00eas Antigo e Aceito (REAA) tem o formato demonstrado na fotografia e no desenho art\u00edstico anexados a este memorial. \u201co estandarte da Loja Ma\u00e7\u00f4nica Campos Salles n\u00ba 2654 tem a sua base de assento dos elementos constitutivos em campo de blau (azul), representando o c\u00e9u. O azul \u00e9 entre todas as cores a cor profunda que eleva o pensamento para a amplid\u00e3o luminosa e faz sonhar na incomensur\u00e1vel grandeza das coisas extraterrestres. As franjas s\u00e3o em gold (ouro), que \u00e9 o primeiro e o mais nobre dos metais. Este, justaposto ao azul, forma uma das mais belas combina\u00e7\u00f5es de esmaltes her\u00e1ldicos. Significa: Justi\u00e7a, clem\u00eancia, cavalheirismo, eleva\u00e7\u00e3o da alma; representa a caridade e a temperan\u00e7a; demonstra nobreza, esplendor, gl\u00f3ria, generosidade, for\u00e7a, f\u00e9, sabedoria, fidelidade, solidez, alegria, prosperidade, longa vida, eternidade. encimando o campo da base encontra-se em letras (sable) negras a invoca\u00e7\u00e3o ao Grande Arquiteto do Universo, presente em todos os atos ma\u00e7\u00f4nicos, para logo abaixo existir o nome da loja sem o seu n\u00famero identificador ma\u00e7\u00f4nico. No fundo do campo da base, tamb\u00e9m em letras (sable) negras encontra-se a data de funda\u00e7\u00e3o da Loja, em algarismos romanos, em plano ligeiramente superior \u00e0 indica\u00e7\u00e3o do Oriente de Campinas \u2013 SP. no centro da base encontra-se delineado o escudo, em fundo branco, em estilo portugu\u00eas, de acordo com o uso j\u00e1 consagrado no Brasil. O escudo, ladeado por dois ramos de ac\u00e1cia, a planta s\u00edmbolo da inicia\u00e7\u00e3o e da imortalidade da alma, est\u00e1 dividido internamente em tr\u00eas quadrantes distintos. O primeiro, em seu canto superior direito apresenta um tri\u00e2ngulo com o olho onisciente, invocando sempre a presen\u00e7a do Grande Arquiteto do Universo nos trabalhos da Loja; o segundo, em seu canto inferior direito apresenta o esquadro e o compasso, simbolizando em conjunto a justi\u00e7a, a equidade, a retid\u00e3o e a sabedoria, e, no lado esquerdo inteiro do escudo, figuram as iniciais de Manoel Ferraz de Campos Salles, que empresta o seu nome \u00e0 Loja, ladeado por seis andorinhas, p\u00e1ssaro que \u00e9 considerado s\u00edmbolo representativo da cidade de Campinas e, ainda, tem por finalidade representar os seis irm\u00e3os ma\u00e7ons que primariamente se reuniram para fundar a Loja Ma\u00e7\u00f4nica Campos Salles n\u00ba 2654. O estandarte \u00e9 fixado a um mastro em forma de cruz, por meio de um cord\u00e3o tran\u00e7ado, de cor azul brilhante, que deixa cair duas borlas laterais, trabalhadas e destran\u00e7adas\u201d. \u00a022.04.2010<\/p>\n","protected":false},"excerpt":{"rendered":"<p>MEMORIAL DESCRITIVO DO ESTANDARTE DA LOJA MA\u00c7\u00d4NICA CAMPOS SALLES N\u00ba 2654 O estandarte da Loja Ma\u00e7\u00f4nica Campos Salles n\u00ba 2654, do Oriente de Campinas, Estado de S\u00e3o Paulo, que \u00e9 [&hellip;]<\/p>\n","protected":false},"author":1,"featured_media":0,"parent":0,"menu_order":0,"comment_status":"closed","ping_status":"closed","template":"","meta":{"_price":"","_stock":"","_tribe_ticket_header":"","_tribe_default_ticket_provider":"","_tribe_ticket_capacity":"0","_ticket_start_date":"","_ticket_end_date":"","_tribe_ticket_show_description":"","_tribe_ticket_show_not_going":false,"_tribe_ticket_use_global_stock":"","_tribe_ticket_global_stock_level":"","_global_stock_mode":"","_global_stock_cap":"","_tribe_rsvp_for_event":"","_tribe_ticket_going_count":"","_tribe_ticket_not_going_count":"","_tribe_tickets_list":"[]","_tribe_ticket_has_attendee_info_fields":false,"footnotes":"","_tec_slr_enabled":"","_tec_slr_layout":""},"class_list":["post-2361","page","type-page","status-publish","hentry"],"ticketed":false,"_links":{"self":[{"href":"https:\/\/lojacampossalles2654.com.br\/index.php\/wp-json\/wp\/v2\/pages\/2361","targetHints":{"allow":["GET"]}}],"collection":[{"href":"https:\/\/lojacampossalles2654.com.br\/index.php\/wp-json\/wp\/v2\/pages"}],"about":[{"href":"https:\/\/lojacampossalles2654.com.br\/index.php\/wp-json\/wp\/v2\/types\/page"}],"author":[{"embeddable":true,"href":"https:\/\/lojacampossalles2654.com.br\/index.php\/wp-json\/wp\/v2\/users\/1"}],"replies":[{"embeddable":true,"href":"https:\/\/lojacampossalles2654.com.br\/index.php\/wp-json\/wp\/v2\/comments?post=2361"}],"version-history":[{"count":3,"href":"https:\/\/lojacampossalles2654.com.br\/index.php\/wp-json\/wp\/v2\/pages\/2361\/revisions"}],"predecessor-version":[{"id":2367,"href":"https:\/\/lojacampossalles2654.com.br\/index.php\/wp-json\/wp\/v2\/pages\/2361\/revisions\/2367"}],"wp:attachment":[{"href":"https:\/\/lojacampossalles2654.com.br\/index.php\/wp-json\/wp\/v2\/media?parent=2361"}],"curies":[{"name":"wp","href":"https:\/\/api.w.org\/{rel}","templated":true}]}}